{"id":16,"date":"2025-08-18T21:48:11","date_gmt":"2025-08-18T21:48:11","guid":{"rendered":"https:\/\/forndepagarcia.rkinformatika.online\/?page_id=16"},"modified":"2025-08-19T09:00:12","modified_gmt":"2025-08-19T09:00:12","slug":"productos","status":"publish","type":"page","link":"https:\/\/forndepagarcia.com\/ca\/productos\/","title":{"rendered":"Productes"},"content":{"rendered":"<div data-elementor-type=\"wp-page\" data-elementor-id=\"16\" class=\"elementor elementor-16\" data-elementor-post-type=\"page\">\n\t\t\t\t\t\t<section class=\"elementor-section elementor-top-section elementor-element elementor-element-fe17daf elementor-section-boxed elementor-section-height-default elementor-section-height-default\" data-id=\"fe17daf\" data-element_type=\"section\" data-e-type=\"section\" data-settings=\"{&quot;background_background&quot;:&quot;classic&quot;}\">\n\t\t\t\t\t\t\t<div class=\"elementor-background-overlay\"><\/div>\n\t\t\t\t\t\t\t<div class=\"elementor-container elementor-column-gap-default\">\n\t\t\t\t\t<div class=\"elementor-column elementor-col-100 elementor-top-column elementor-element elementor-element-397d16c\" data-id=\"397d16c\" data-element_type=\"column\" data-e-type=\"column\">\n\t\t\t<div class=\"elementor-widget-wrap elementor-element-populated\">\n\t\t\t\t\t\t<div class=\"elementor-element elementor-element-d580b82 elementor-invisible elementor-widget elementor-widget-heading\" data-id=\"d580b82\" data-element_type=\"widget\" data-e-type=\"widget\" data-settings=\"{&quot;_animation&quot;:&quot;fadeInLeft&quot;}\" data-widget_type=\"heading.default\">\n\t\t\t\t\t<h2 class=\"elementor-heading-title elementor-size-default\">Productes<\/h2>\t\t\t\t<\/div>\n\t\t\t\t\t<\/div>\n\t\t<\/div>\n\t\t\t\t\t<\/div>\n\t\t<\/section>\n\t\t<div class=\"elementor-element elementor-element-ea0f276 e-flex e-con-boxed e-con e-parent\" data-id=\"ea0f276\" data-element_type=\"container\" data-e-type=\"container\">\n\t\t\t\t\t<div class=\"e-con-inner\">\n\t\t<div class=\"elementor-element elementor-element-209f2f5 e-con-full e-flex e-con e-child\" data-id=\"209f2f5\" data-element_type=\"container\" data-e-type=\"container\">\n\t\t\t\t<div class=\"elementor-element elementor-element-8f59348 elementor-invisible elementor-widget elementor-widget-heading\" data-id=\"8f59348\" data-element_type=\"widget\" data-e-type=\"widget\" data-settings=\"{&quot;_animation&quot;:&quot;fadeInUp&quot;}\" data-widget_type=\"heading.default\">\n\t\t\t\t\t<h2 class=\"elementor-heading-title elementor-size-default\">Productos que ofreceremos<\/h2>\t\t\t\t<\/div>\n\t\t\t\t<div class=\"elementor-element elementor-element-553ef5f elementor-invisible elementor-widget elementor-widget-text-editor\" data-id=\"553ef5f\" data-element_type=\"widget\" data-e-type=\"widget\" data-settings=\"{&quot;_animation&quot;:&quot;fadeInUp&quot;,&quot;_animation_delay&quot;:200}\" data-widget_type=\"text-editor.default\">\n\t\t\t\t\t\t\t\t\t<p>En Forn de pa Garc\u00eda elaboramos cada d\u00eda una amplia variedad de panes artesanos, boller\u00eda reci\u00e9n horneada y pasteles para todas las ocasiones, combinando tradici\u00f3n familiar, ingredientes de calidad y el cari\u00f1o que nos mueve desde 2017, para que disfrutes siempre de un sabor aut\u00e9ntico en tu mesa.<\/p>\t\t\t\t\t\t\t\t<\/div>\n\t\t\t\t<\/div>\n\t\t<div class=\"elementor-element elementor-element-bb04c4c e-con-full e-flex elementor-invisible e-con e-child\" data-id=\"bb04c4c\" data-element_type=\"container\" data-e-type=\"container\" data-settings=\"{&quot;animation&quot;:&quot;fadeInDown&quot;}\">\n\t\t\t\t<div class=\"elementor-element elementor-element-8420ced elementor-widget elementor-widget-image\" data-id=\"8420ced\" data-element_type=\"widget\" data-e-type=\"widget\" data-widget_type=\"image.default\">\n\t\t\t\t\t\t\t\t\t\t\t\t\t\t\t<img decoding=\"async\" src=\"https:\/\/forndepagarcia.com\/wp-content\/uploads\/elementor\/thumbs\/2148288074-raha82kax3kz82acmijqtmfi3qdn6bs9ln9iswfb1c.jpg\" title=\"2148288074\" alt=\"2148288074\" loading=\"lazy\" \/>\t\t\t\t\t\t\t\t\t\t\t\t\t\t\t<\/div>\n\t\t\t\t<div class=\"elementor-element elementor-element-9bd5c54 elementor-widget elementor-widget-heading\" data-id=\"9bd5c54\" data-element_type=\"widget\" data-e-type=\"widget\" data-widget_type=\"heading.default\">\n\t\t\t\t\t<h2 class=\"elementor-heading-title elementor-size-default\">Pan artesanal<\/h2>\t\t\t\t<\/div>\n\t\t\t\t<\/div>\n\t\t<div class=\"elementor-element elementor-element-41fef4b e-con-full e-flex elementor-invisible e-con e-child\" data-id=\"41fef4b\" data-element_type=\"container\" data-e-type=\"container\" data-settings=\"{&quot;animation&quot;:&quot;fadeInRight&quot;}\">\n\t\t\t\t<div class=\"elementor-element elementor-element-e59a1e7 elementor-widget elementor-widget-image\" data-id=\"e59a1e7\" data-element_type=\"widget\" data-e-type=\"widget\" data-widget_type=\"image.default\">\n\t\t\t\t\t\t\t\t\t\t\t\t\t\t\t<img decoding=\"async\" src=\"https:\/\/forndepagarcia.com\/wp-content\/uploads\/elementor\/thumbs\/31236-raha9ffwshfvzsbcp3ocfa3gzroqal6b4d6rraeu1s.jpg\" title=\"31236\" alt=\"31236\" loading=\"lazy\" \/>\t\t\t\t\t\t\t\t\t\t\t\t\t\t\t<\/div>\n\t\t\t\t<div class=\"elementor-element elementor-element-173d3b6 elementor-widget elementor-widget-heading\" data-id=\"173d3b6\" data-element_type=\"widget\" data-e-type=\"widget\" data-widget_type=\"heading.default\">\n\t\t\t\t\t<h2 class=\"elementor-heading-title elementor-size-default\">Boller\u00eda<\/h2>\t\t\t\t<\/div>\n\t\t\t\t<\/div>\n\t\t<div class=\"elementor-element elementor-element-05d4a9e e-con-full e-flex elementor-invisible e-con e-child\" data-id=\"05d4a9e\" data-element_type=\"container\" data-e-type=\"container\" data-settings=\"{&quot;animation&quot;:&quot;fadeInLeft&quot;}\">\n\t\t\t\t<div class=\"elementor-element elementor-element-c8a307b elementor-widget elementor-widget-image\" data-id=\"c8a307b\" data-element_type=\"widget\" data-e-type=\"widget\" data-widget_type=\"image.default\">\n\t\t\t\t\t\t\t\t\t\t\t\t\t\t\t<img decoding=\"async\" src=\"https:\/\/forndepagarcia.com\/wp-content\/uploads\/elementor\/thumbs\/1574-rahae4muynvi1lhl94t6w3efx4iss3tzrmm653fyxs.jpg\" title=\"1574\" alt=\"1574\" loading=\"lazy\" \/>\t\t\t\t\t\t\t\t\t\t\t\t\t\t\t<\/div>\n\t\t\t\t<div class=\"elementor-element elementor-element-5c39f52 elementor-widget elementor-widget-heading\" data-id=\"5c39f52\" data-element_type=\"widget\" data-e-type=\"widget\" data-widget_type=\"heading.default\">\n\t\t\t\t\t<h2 class=\"elementor-heading-title elementor-size-default\">Pasteler\u00eda<\/h2>\t\t\t\t<\/div>\n\t\t\t\t<\/div>\n\t\t<div class=\"elementor-element elementor-element-f7d854c e-con-full e-flex elementor-invisible e-con e-child\" data-id=\"f7d854c\" data-element_type=\"container\" data-e-type=\"container\" data-settings=\"{&quot;animation&quot;:&quot;fadeInDown&quot;}\">\n\t\t\t\t<div class=\"elementor-element elementor-element-2c49650 elementor-widget elementor-widget-image\" data-id=\"2c49650\" data-element_type=\"widget\" data-e-type=\"widget\" data-widget_type=\"image.default\">\n\t\t\t\t\t\t\t\t\t\t\t\t\t\t\t<img decoding=\"async\" src=\"https:\/\/forndepagarcia.com\/wp-content\/uploads\/elementor\/thumbs\/5083083-rahafeoy9jmjuhmos6pws9s1107s99wu9ykynnjogw.jpg\" title=\"5083083\" alt=\"5083083\" loading=\"lazy\" \/>\t\t\t\t\t\t\t\t\t\t\t\t\t\t\t<\/div>\n\t\t\t\t<div class=\"elementor-element elementor-element-5509cf1 elementor-widget elementor-widget-heading\" data-id=\"5509cf1\" data-element_type=\"widget\" data-e-type=\"widget\" data-widget_type=\"heading.default\">\n\t\t\t\t\t<h2 class=\"elementor-heading-title elementor-size-default\">Degustaci\u00f3n<\/h2>\t\t\t\t<\/div>\n\t\t\t\t<\/div>\n\t\t\t\t\t<\/div>\n\t\t\t\t<\/div>\n\t\t\t\t<section class=\"elementor-section elementor-top-section elementor-element elementor-element-ed5e492 animated-fast elementor-section-boxed elementor-section-height-default elementor-section-height-default elementor-invisible\" data-id=\"ed5e492\" data-element_type=\"section\" data-e-type=\"section\" data-settings=\"{&quot;animation&quot;:&quot;fadeInUp&quot;,&quot;background_background&quot;:&quot;classic&quot;}\">\n\t\t\t\t\t\t\t<div class=\"elementor-background-overlay\"><\/div>\n\t\t\t\t\t\t\t<div class=\"elementor-container elementor-column-gap-no\">\n\t\t\t\t\t<div class=\"elementor-column elementor-col-50 elementor-top-column elementor-element elementor-element-cb991c1\" data-id=\"cb991c1\" data-element_type=\"column\" data-e-type=\"column\" data-settings=\"{&quot;background_background&quot;:&quot;classic&quot;}\">\n\t\t\t<div class=\"elementor-widget-wrap elementor-element-populated\">\n\t\t\t\t\t<div class=\"elementor-background-overlay\"><\/div>\n\t\t\t\t\t\t<div class=\"elementor-element elementor-element-d62fb1e elementor-widget elementor-widget-heading\" data-id=\"d62fb1e\" data-element_type=\"widget\" data-e-type=\"widget\" data-widget_type=\"heading.default\">\n\t\t\t\t\t<h2 class=\"elementor-heading-title elementor-size-default\">Forn de pa Garc\u00eda<\/h2>\t\t\t\t<\/div>\n\t\t\t\t<div class=\"elementor-element elementor-element-997ed50 elementor-widget elementor-widget-heading\" data-id=\"997ed50\" data-element_type=\"widget\" data-e-type=\"widget\" data-widget_type=\"heading.default\">\n\t\t\t\t\t<h2 class=\"elementor-heading-title elementor-size-default\">\u00a1Te esperamos en Forn de pa Garc\u00eda, tu panader\u00eda de confianza!<\/h2>\t\t\t\t<\/div>\n\t\t\t\t\t<\/div>\n\t\t<\/div>\n\t\t\t\t<div class=\"elementor-column elementor-col-50 elementor-top-column elementor-element elementor-element-b6aa01f\" data-id=\"b6aa01f\" data-element_type=\"column\" data-e-type=\"column\" data-settings=\"{&quot;background_background&quot;:&quot;classic&quot;}\">\n\t\t\t<div class=\"elementor-widget-wrap elementor-element-populated\">\n\t\t\t\t\t<div class=\"elementor-background-overlay\"><\/div>\n\t\t\t\t\t\t<div class=\"elementor-element elementor-element-5a30b8e elementor-align-center elementor-widget elementor-widget-button\" data-id=\"5a30b8e\" data-element_type=\"widget\" data-e-type=\"widget\" data-widget_type=\"button.default\">\n\t\t\t\t\t\t\t\t\t\t<a class=\"elementor-button elementor-button-link elementor-size-sm elementor-animation-hang\" href=\"https:\/\/forndepagarcia.com\/ca\/contacto\/\">\n\t\t\t\t\t\t<span class=\"elementor-button-content-wrapper\">\n\t\t\t\t\t\t\t\t\t<span class=\"elementor-button-text\">Contacte<\/span>\n\t\t\t\t\t<\/span>\n\t\t\t\t\t<\/a>\n\t\t\t\t\t\t\t\t<\/div>\n\t\t\t\t\t<\/div>\n\t\t<\/div>\n\t\t\t\t\t<\/div>\n\t\t<\/section>\n\t\t\t\t<\/div>","protected":false},"excerpt":{"rendered":"<p>Productos Productos que ofreceremos En Forn de pa Garc\u00eda elaboramos cada d\u00eda una amplia variedad de panes artesanos, boller\u00eda reci\u00e9n horneada y pasteles para todas las ocasiones, combinando tradici\u00f3n familiar, ingredientes de calidad y el cari\u00f1o que nos mueve desde 2017, para que disfrutes siempre de un sabor aut\u00e9ntico en tu mesa. Pan artesanal Boller\u00eda [&hellip;]<\/p>\n","protected":false},"author":1,"featured_media":0,"parent":0,"menu_order":0,"comment_status":"closed","ping_status":"closed","template":"elementor_canvas","meta":{"footnotes":""},"class_list":["post-16","page","type-page","status-publish","hentry"],"yoast_head":"<!-- This site is optimized with the Yoast SEO plugin v27.3 - https:\/\/yoast.com\/product\/yoast-seo-wordpress\/ -->\n<title>Productos - Forn de pa Garcia<\/title>\n<meta name=\"robots\" content=\"index, follow, max-snippet:-1, max-image-preview:large, max-video-preview:-1\" \/>\n<link rel=\"canonical\" href=\"https:\/\/forndepagarcia.com\/ca\/productos\/\" \/>\n<meta property=\"og:locale\" content=\"ca_ES\" \/>\n<meta property=\"og:type\" content=\"article\" \/>\n<meta property=\"og:title\" content=\"Productos - Forn de pa Garcia\" \/>\n<meta property=\"og:description\" content=\"Productos Productos que ofreceremos En Forn de pa Garc\u00eda elaboramos cada d\u00eda una amplia variedad de panes artesanos, boller\u00eda reci\u00e9n horneada y pasteles para todas las ocasiones, combinando tradici\u00f3n familiar, ingredientes de calidad y el cari\u00f1o que nos mueve desde 2017, para que disfrutes siempre de un sabor aut\u00e9ntico en tu mesa. Pan artesanal Boller\u00eda [&hellip;]\" \/>\n<meta property=\"og:url\" content=\"https:\/\/forndepagarcia.com\/ca\/productos\/\" \/>\n<meta property=\"og:site_name\" content=\"Forn de pa Garcia\" \/>\n<meta property=\"article:modified_time\" content=\"2025-08-19T09:00:12+00:00\" \/>\n<meta property=\"og:image\" content=\"https:\/\/forndepagarcia.com\/wp-content\/uploads\/elementor\/thumbs\/2148288074-raha82kax3kz82acmijqtmfi3qdn6bs9ln9iswfb1c.jpg\" \/>\n<meta name=\"twitter:card\" content=\"summary_large_image\" \/>\n<meta name=\"twitter:label1\" content=\"Temps estimat de lectura\" \/>\n\t<meta name=\"twitter:data1\" content=\"1 minut\" \/>\n<script type=\"application\/ld+json\" class=\"yoast-schema-graph\">{\"@context\":\"https:\\\/\\\/schema.org\",\"@graph\":[{\"@type\":\"WebPage\",\"@id\":\"https:\\\/\\\/forndepagarcia.com\\\/productos\\\/\",\"url\":\"https:\\\/\\\/forndepagarcia.com\\\/productos\\\/\",\"name\":\"Productos - Forn de pa Garcia\",\"isPartOf\":{\"@id\":\"https:\\\/\\\/forndepagarcia.com\\\/#website\"},\"primaryImageOfPage\":{\"@id\":\"https:\\\/\\\/forndepagarcia.com\\\/productos\\\/#primaryimage\"},\"image\":{\"@id\":\"https:\\\/\\\/forndepagarcia.com\\\/productos\\\/#primaryimage\"},\"thumbnailUrl\":\"https:\\\/\\\/forndepagarcia.com\\\/wp-content\\\/uploads\\\/elementor\\\/thumbs\\\/2148288074-raha82kax3kz82acmijqtmfi3qdn6bs9ln9iswfb1c.jpg\",\"datePublished\":\"2025-08-18T21:48:11+00:00\",\"dateModified\":\"2025-08-19T09:00:12+00:00\",\"breadcrumb\":{\"@id\":\"https:\\\/\\\/forndepagarcia.com\\\/productos\\\/#breadcrumb\"},\"inLanguage\":\"ca\",\"potentialAction\":[{\"@type\":\"ReadAction\",\"target\":[\"https:\\\/\\\/forndepagarcia.com\\\/productos\\\/\"]}]},{\"@type\":\"ImageObject\",\"inLanguage\":\"ca\",\"@id\":\"https:\\\/\\\/forndepagarcia.com\\\/productos\\\/#primaryimage\",\"url\":\"https:\\\/\\\/forndepagarcia.com\\\/wp-content\\\/uploads\\\/elementor\\\/thumbs\\\/2148288074-raha82kax3kz82acmijqtmfi3qdn6bs9ln9iswfb1c.jpg\",\"contentUrl\":\"https:\\\/\\\/forndepagarcia.com\\\/wp-content\\\/uploads\\\/elementor\\\/thumbs\\\/2148288074-raha82kax3kz82acmijqtmfi3qdn6bs9ln9iswfb1c.jpg\"},{\"@type\":\"BreadcrumbList\",\"@id\":\"https:\\\/\\\/forndepagarcia.com\\\/productos\\\/#breadcrumb\",\"itemListElement\":[{\"@type\":\"ListItem\",\"position\":1,\"name\":\"Portada\",\"item\":\"https:\\\/\\\/forndepagarcia.com\\\/\"},{\"@type\":\"ListItem\",\"position\":2,\"name\":\"Productos\"}]},{\"@type\":\"WebSite\",\"@id\":\"https:\\\/\\\/forndepagarcia.com\\\/#website\",\"url\":\"https:\\\/\\\/forndepagarcia.com\\\/\",\"name\":\"Forn de pa Garcia\",\"description\":\"Panader\u00eda pasteler\u00eda degustaci\u00f3n\",\"publisher\":{\"@id\":\"https:\\\/\\\/forndepagarcia.com\\\/#organization\"},\"potentialAction\":[{\"@type\":\"SearchAction\",\"target\":{\"@type\":\"EntryPoint\",\"urlTemplate\":\"https:\\\/\\\/forndepagarcia.com\\\/?s={search_term_string}\"},\"query-input\":{\"@type\":\"PropertyValueSpecification\",\"valueRequired\":true,\"valueName\":\"search_term_string\"}}],\"inLanguage\":\"ca\"},{\"@type\":\"Organization\",\"@id\":\"https:\\\/\\\/forndepagarcia.com\\\/#organization\",\"name\":\"Forn de pa Garcia\",\"url\":\"https:\\\/\\\/forndepagarcia.com\\\/\",\"logo\":{\"@type\":\"ImageObject\",\"inLanguage\":\"ca\",\"@id\":\"https:\\\/\\\/forndepagarcia.com\\\/#\\\/schema\\\/logo\\\/image\\\/\",\"url\":\"https:\\\/\\\/forndepagarcia.com\\\/wp-content\\\/uploads\\\/2025\\\/08\\\/cropped-Logo_Mesa-de-trabajo-1.png\",\"contentUrl\":\"https:\\\/\\\/forndepagarcia.com\\\/wp-content\\\/uploads\\\/2025\\\/08\\\/cropped-Logo_Mesa-de-trabajo-1.png\",\"width\":1589,\"height\":1080,\"caption\":\"Forn de pa Garcia\"},\"image\":{\"@id\":\"https:\\\/\\\/forndepagarcia.com\\\/#\\\/schema\\\/logo\\\/image\\\/\"}}]}<\/script>\n<!-- \/ Yoast SEO plugin. -->","yoast_head_json":{"title":"Productos - Forn de pa Garcia","robots":{"index":"index","follow":"follow","max-snippet":"max-snippet:-1","max-image-preview":"max-image-preview:large","max-video-preview":"max-video-preview:-1"},"canonical":"https:\/\/forndepagarcia.com\/ca\/productos\/","og_locale":"ca_ES","og_type":"article","og_title":"Productos - Forn de pa Garcia","og_description":"Productos Productos que ofreceremos En Forn de pa Garc\u00eda elaboramos cada d\u00eda una amplia variedad de panes artesanos, boller\u00eda reci\u00e9n horneada y pasteles para todas las ocasiones, combinando tradici\u00f3n familiar, ingredientes de calidad y el cari\u00f1o que nos mueve desde 2017, para que disfrutes siempre de un sabor aut\u00e9ntico en tu mesa. Pan artesanal Boller\u00eda [&hellip;]","og_url":"https:\/\/forndepagarcia.com\/ca\/productos\/","og_site_name":"Forn de pa Garcia","article_modified_time":"2025-08-19T09:00:12+00:00","og_image":[{"url":"https:\/\/forndepagarcia.com\/wp-content\/uploads\/elementor\/thumbs\/2148288074-raha82kax3kz82acmijqtmfi3qdn6bs9ln9iswfb1c.jpg","type":"","width":"","height":""}],"twitter_card":"summary_large_image","twitter_misc":{"Temps estimat de lectura":"1 minut"},"schema":{"@context":"https:\/\/schema.org","@graph":[{"@type":"WebPage","@id":"https:\/\/forndepagarcia.com\/productos\/","url":"https:\/\/forndepagarcia.com\/productos\/","name":"Productos - Forn de pa Garcia","isPartOf":{"@id":"https:\/\/forndepagarcia.com\/#website"},"primaryImageOfPage":{"@id":"https:\/\/forndepagarcia.com\/productos\/#primaryimage"},"image":{"@id":"https:\/\/forndepagarcia.com\/productos\/#primaryimage"},"thumbnailUrl":"https:\/\/forndepagarcia.com\/wp-content\/uploads\/elementor\/thumbs\/2148288074-raha82kax3kz82acmijqtmfi3qdn6bs9ln9iswfb1c.jpg","datePublished":"2025-08-18T21:48:11+00:00","dateModified":"2025-08-19T09:00:12+00:00","breadcrumb":{"@id":"https:\/\/forndepagarcia.com\/productos\/#breadcrumb"},"inLanguage":"ca","potentialAction":[{"@type":"ReadAction","target":["https:\/\/forndepagarcia.com\/productos\/"]}]},{"@type":"ImageObject","inLanguage":"ca","@id":"https:\/\/forndepagarcia.com\/productos\/#primaryimage","url":"https:\/\/forndepagarcia.com\/wp-content\/uploads\/elementor\/thumbs\/2148288074-raha82kax3kz82acmijqtmfi3qdn6bs9ln9iswfb1c.jpg","contentUrl":"https:\/\/forndepagarcia.com\/wp-content\/uploads\/elementor\/thumbs\/2148288074-raha82kax3kz82acmijqtmfi3qdn6bs9ln9iswfb1c.jpg"},{"@type":"BreadcrumbList","@id":"https:\/\/forndepagarcia.com\/productos\/#breadcrumb","itemListElement":[{"@type":"ListItem","position":1,"name":"Portada","item":"https:\/\/forndepagarcia.com\/"},{"@type":"ListItem","position":2,"name":"Productos"}]},{"@type":"WebSite","@id":"https:\/\/forndepagarcia.com\/#website","url":"https:\/\/forndepagarcia.com\/","name":"Forn de pa Garcia","description":"Panader\u00eda pasteler\u00eda degustaci\u00f3n","publisher":{"@id":"https:\/\/forndepagarcia.com\/#organization"},"potentialAction":[{"@type":"SearchAction","target":{"@type":"EntryPoint","urlTemplate":"https:\/\/forndepagarcia.com\/?s={search_term_string}"},"query-input":{"@type":"PropertyValueSpecification","valueRequired":true,"valueName":"search_term_string"}}],"inLanguage":"ca"},{"@type":"Organization","@id":"https:\/\/forndepagarcia.com\/#organization","name":"Forn de pa Garcia","url":"https:\/\/forndepagarcia.com\/","logo":{"@type":"ImageObject","inLanguage":"ca","@id":"https:\/\/forndepagarcia.com\/#\/schema\/logo\/image\/","url":"https:\/\/forndepagarcia.com\/wp-content\/uploads\/2025\/08\/cropped-Logo_Mesa-de-trabajo-1.png","contentUrl":"https:\/\/forndepagarcia.com\/wp-content\/uploads\/2025\/08\/cropped-Logo_Mesa-de-trabajo-1.png","width":1589,"height":1080,"caption":"Forn de pa Garcia"},"image":{"@id":"https:\/\/forndepagarcia.com\/#\/schema\/logo\/image\/"}}]}},"_links":{"self":[{"href":"https:\/\/forndepagarcia.com\/ca\/wp-json\/wp\/v2\/pages\/16","targetHints":{"allow":["GET"]}}],"collection":[{"href":"https:\/\/forndepagarcia.com\/ca\/wp-json\/wp\/v2\/pages"}],"about":[{"href":"https:\/\/forndepagarcia.com\/ca\/wp-json\/wp\/v2\/types\/page"}],"author":[{"embeddable":true,"href":"https:\/\/forndepagarcia.com\/ca\/wp-json\/wp\/v2\/users\/1"}],"replies":[{"embeddable":true,"href":"https:\/\/forndepagarcia.com\/ca\/wp-json\/wp\/v2\/comments?post=16"}],"version-history":[{"count":34,"href":"https:\/\/forndepagarcia.com\/ca\/wp-json\/wp\/v2\/pages\/16\/revisions"}],"predecessor-version":[{"id":222,"href":"https:\/\/forndepagarcia.com\/ca\/wp-json\/wp\/v2\/pages\/16\/revisions\/222"}],"wp:attachment":[{"href":"https:\/\/forndepagarcia.com\/ca\/wp-json\/wp\/v2\/media?parent=16"}],"curies":[{"name":"wp","href":"https:\/\/api.w.org\/{rel}","templated":true}]}}