{"id":13,"date":"2025-08-18T21:46:25","date_gmt":"2025-08-18T21:46:25","guid":{"rendered":"https:\/\/forndepagarcia.rkinformatika.online\/?page_id=13"},"modified":"2025-08-19T08:58:29","modified_gmt":"2025-08-19T08:58:29","slug":"inicio","status":"publish","type":"page","link":"https:\/\/forndepagarcia.com\/ca\/","title":{"rendered":"Inici"},"content":{"rendered":"\t\t<div data-elementor-type=\"wp-page\" data-elementor-id=\"13\" class=\"elementor elementor-13\" data-elementor-post-type=\"page\">\n\t\t\t\t<div class=\"elementor-element elementor-element-68d58a8 e-flex e-con-boxed e-con e-parent\" data-id=\"68d58a8\" data-element_type=\"container\" data-e-type=\"container\" data-settings=\"{&quot;background_background&quot;:&quot;slideshow&quot;,&quot;background_slideshow_gallery&quot;:[{&quot;id&quot;:144,&quot;url&quot;:&quot;https:\\\/\\\/forndepagarcia.com\\\/wp-content\\\/uploads\\\/2025\\\/08\\\/12748.jpg&quot;},{&quot;id&quot;:145,&quot;url&quot;:&quot;https:\\\/\\\/forndepagarcia.com\\\/wp-content\\\/uploads\\\/2025\\\/08\\\/2148289387.jpg&quot;},{&quot;id&quot;:146,&quot;url&quot;:&quot;https:\\\/\\\/forndepagarcia.com\\\/wp-content\\\/uploads\\\/2025\\\/08\\\/2149209216.jpg&quot;}],&quot;background_slideshow_lazyload&quot;:&quot;yes&quot;,&quot;background_slideshow_ken_burns&quot;:&quot;yes&quot;,&quot;background_slideshow_loop&quot;:&quot;yes&quot;,&quot;background_slideshow_slide_duration&quot;:5000,&quot;background_slideshow_slide_transition&quot;:&quot;fade&quot;,&quot;background_slideshow_transition_duration&quot;:500,&quot;background_slideshow_ken_burns_zoom_direction&quot;:&quot;in&quot;}\">\n\t\t\t\t\t<div class=\"e-con-inner\">\n\t\t<div class=\"elementor-element elementor-element-17de3ed e-con-full e-flex e-con e-child\" data-id=\"17de3ed\" data-element_type=\"container\" data-e-type=\"container\">\n\t\t\t\t<div class=\"elementor-element elementor-element-e688373 elementor-widget elementor-widget-heading\" data-id=\"e688373\" data-element_type=\"widget\" data-e-type=\"widget\" data-widget_type=\"heading.default\">\n\t\t\t\t\t<h2 class=\"elementor-heading-title elementor-size-default\">Bienvenidos A<\/h2>\t\t\t\t<\/div>\n\t\t\t\t<div class=\"elementor-element elementor-element-ec3dee3 elementor-widget elementor-widget-heading\" data-id=\"ec3dee3\" data-element_type=\"widget\" data-e-type=\"widget\" data-widget_type=\"heading.default\">\n\t\t\t\t\t<h2 class=\"elementor-heading-title elementor-size-default\">Forn de pa Garc\u00eda<\/h2>\t\t\t\t<\/div>\n\t\t\t\t<div class=\"elementor-element elementor-element-0eeb180 elementor-widget elementor-widget-heading\" data-id=\"0eeb180\" data-element_type=\"widget\" data-e-type=\"widget\" data-widget_type=\"heading.default\">\n\t\t\t\t\t<h2 class=\"elementor-heading-title elementor-size-default\">Productos frescos y artesanos que alegren tu mesa y tus momentos especiales.<\/h2>\t\t\t\t<\/div>\n\t\t\t\t<\/div>\n\t\t<div class=\"elementor-element elementor-element-0e3ca9d e-con-full e-flex e-con e-child\" data-id=\"0e3ca9d\" data-element_type=\"container\" data-e-type=\"container\">\n\t\t<div class=\"elementor-element elementor-element-17f4202 e-con-full e-flex e-con e-child\" data-id=\"17f4202\" data-element_type=\"container\" data-e-type=\"container\" data-settings=\"{&quot;background_background&quot;:&quot;classic&quot;}\">\n\t\t\t\t<div class=\"elementor-element elementor-element-dfba7b8 elementor-widget elementor-widget-heading\" data-id=\"dfba7b8\" data-element_type=\"widget\" data-e-type=\"widget\" data-widget_type=\"heading.default\">\n\t\t\t\t\t<h2 class=\"elementor-heading-title elementor-size-default\">Horario<\/h2>\t\t\t\t<\/div>\n\t\t\t\t<div class=\"elementor-element elementor-element-6502b35 elementor-widget elementor-widget-text-editor\" data-id=\"6502b35\" data-element_type=\"widget\" data-e-type=\"widget\" data-widget_type=\"text-editor.default\">\n\t\t\t\t\t\t\t\t\t<p>Todos los dias:<\/p>\t\t\t\t\t\t\t\t<\/div>\n\t\t\t\t<div class=\"elementor-element elementor-element-117b955 elementor-widget elementor-widget-text-editor\" data-id=\"117b955\" data-element_type=\"widget\" data-e-type=\"widget\" data-widget_type=\"text-editor.default\">\n\t\t\t\t\t\t\t\t\t<p>07:00 a 14:00<\/p><p>16:00 a 20:00<\/p>\t\t\t\t\t\t\t\t<\/div>\n\t\t\t\t<\/div>\n\t\t\t\t<\/div>\n\t\t\t\t\t<\/div>\n\t\t\t\t<\/div>\n\t\t\t\t<section class=\"elementor-section elementor-top-section elementor-element elementor-element-636665c elementor-section-boxed elementor-section-height-default elementor-section-height-default\" data-id=\"636665c\" data-element_type=\"section\" data-e-type=\"section\">\n\t\t\t\t\t\t<div class=\"elementor-container elementor-column-gap-default\">\n\t\t\t\t\t<div class=\"elementor-column elementor-col-100 elementor-top-column elementor-element elementor-element-f6643a0\" data-id=\"f6643a0\" data-element_type=\"column\" data-e-type=\"column\">\n\t\t\t<div class=\"elementor-widget-wrap elementor-element-populated\">\n\t\t\t\t\t\t<section class=\"elementor-section elementor-inner-section elementor-element elementor-element-eabf98f elementor-section-boxed elementor-section-height-default elementor-section-height-default\" data-id=\"eabf98f\" data-element_type=\"section\" data-e-type=\"section\">\n\t\t\t\t\t\t<div class=\"elementor-container elementor-column-gap-no\">\n\t\t\t\t\t<div class=\"elementor-column elementor-col-50 elementor-inner-column elementor-element elementor-element-9295731\" data-id=\"9295731\" data-element_type=\"column\" data-e-type=\"column\">\n\t\t\t<div class=\"elementor-widget-wrap elementor-element-populated\">\n\t\t\t\t\t\t<div class=\"elementor-element elementor-element-f8541f0 elementor-widget elementor-widget-heading\" data-id=\"f8541f0\" data-element_type=\"widget\" data-e-type=\"widget\" data-widget_type=\"heading.default\">\n\t\t\t\t\t<h2 class=\"elementor-heading-title elementor-size-default\">Sobre Nosotros <\/h2>\t\t\t\t<\/div>\n\t\t\t\t<div class=\"elementor-element elementor-element-d2b35d7 elementor-widget elementor-widget-heading\" data-id=\"d2b35d7\" data-element_type=\"widget\" data-e-type=\"widget\" data-widget_type=\"heading.default\">\n\t\t\t\t\t<h2 class=\"elementor-heading-title elementor-size-default\">Pasi\u00f3n que nos inspira<\/h2>\t\t\t\t<\/div>\n\t\t\t\t<div class=\"elementor-element elementor-element-f5c8fdb elementor-widget elementor-widget-button\" data-id=\"f5c8fdb\" data-element_type=\"widget\" data-e-type=\"widget\" data-widget_type=\"button.default\">\n\t\t\t\t\t\t\t\t\t\t<a class=\"elementor-button elementor-button-link elementor-size-sm elementor-animation-hang\" href=\"https:\/\/forndepagarcia.com\/productos\/\">\n\t\t\t\t\t\t<span class=\"elementor-button-content-wrapper\">\n\t\t\t\t\t\t\t\t\t<span class=\"elementor-button-text\">Saber M\u00e1s<\/span>\n\t\t\t\t\t<\/span>\n\t\t\t\t\t<\/a>\n\t\t\t\t\t\t\t\t<\/div>\n\t\t\t\t\t<\/div>\n\t\t<\/div>\n\t\t\t\t<div class=\"elementor-column elementor-col-50 elementor-inner-column elementor-element elementor-element-c43091c\" data-id=\"c43091c\" data-element_type=\"column\" data-e-type=\"column\">\n\t\t\t<div class=\"elementor-widget-wrap elementor-element-populated\">\n\t\t\t\t\t\t<div class=\"elementor-element elementor-element-c860c3f elementor-widget elementor-widget-text-editor\" data-id=\"c860c3f\" data-element_type=\"widget\" data-e-type=\"widget\" data-widget_type=\"text-editor.default\">\n\t\t\t\t\t\t\t\t\t<div class=\"flex max-w-full flex-col flex-grow\"><div class=\"min-h-8 text-message flex w-full flex-col items-end gap-2 whitespace-normal break-words [.text-message+&amp;]:mt-5\" dir=\"auto\" data-message-author-role=\"assistant\" data-message-id=\"def7cac0-2707-4442-b93b-c94e77fa0a36\" data-message-model-slug=\"gpt-4o\"><div class=\"flex w-full flex-col gap-1 empty:hidden first:pt-[3px]\"><div class=\"markdown prose w-full break-words dark:prose-invert dark\"><p data-start=\"592\" data-end=\"1188\">En Forn de pa Garc\u00eda creemos en la tradici\u00f3n panadera de siempre, pero tambi\u00e9n en la innovaci\u00f3n que nos permite sorprender a nuestros clientes.<\/p><p data-start=\"592\" data-end=\"1188\">Nuestra historia comenz\u00f3 en 2017, cuando decidimos transformar nuestra pasi\u00f3n por el pan y la pasteler\u00eda en un proyecto de vida familiar. Desde entonces, trabajamos con ingredientes de calidad, masa madre y recetas artesanas para elaborar productos que combinan sabor, textura y autenticidad.<\/p><p data-start=\"592\" data-end=\"1188\">Hoy, adem\u00e1s de pan y reposter\u00eda, ofrecemos un acogedor espacio de degustaci\u00f3n en el que compartir un buen caf\u00e9 acompa\u00f1ado de nuestras especialidades.<\/p><\/div><\/div><\/div><\/div>\t\t\t\t\t\t\t\t<\/div>\n\t\t\t\t\t<\/div>\n\t\t<\/div>\n\t\t\t\t\t<\/div>\n\t\t<\/section>\n\t\t\t\t<section class=\"elementor-section elementor-inner-section elementor-element elementor-element-bc56168 elementor-section-boxed elementor-section-height-default elementor-section-height-default\" data-id=\"bc56168\" data-element_type=\"section\" data-e-type=\"section\">\n\t\t\t\t\t\t<div class=\"elementor-container elementor-column-gap-no\">\n\t\t\t\t\t<div class=\"elementor-column elementor-col-50 elementor-inner-column elementor-element elementor-element-75ca25f\" data-id=\"75ca25f\" data-element_type=\"column\" data-e-type=\"column\">\n\t\t\t<div class=\"elementor-widget-wrap elementor-element-populated\">\n\t\t\t\t\t\t<div class=\"elementor-element elementor-element-5e2ce52 elementor-widget__width-initial elementor-widget elementor-widget-image\" data-id=\"5e2ce52\" data-element_type=\"widget\" data-e-type=\"widget\" data-widget_type=\"image.default\">\n\t\t\t\t\t\t\t\t\t\t\t\t\t\t\t<img fetchpriority=\"high\" decoding=\"async\" width=\"1000\" height=\"1500\" src=\"https:\/\/forndepagarcia.com\/wp-content\/uploads\/2025\/08\/2147874516.jpg\" class=\"attachment-full size-full wp-image-136\" alt=\"\" srcset=\"https:\/\/forndepagarcia.com\/wp-content\/uploads\/2025\/08\/2147874516.jpg 1000w, https:\/\/forndepagarcia.com\/wp-content\/uploads\/2025\/08\/2147874516-200x300.jpg 200w, https:\/\/forndepagarcia.com\/wp-content\/uploads\/2025\/08\/2147874516-683x1024.jpg 683w, https:\/\/forndepagarcia.com\/wp-content\/uploads\/2025\/08\/2147874516-768x1152.jpg 768w, https:\/\/forndepagarcia.com\/wp-content\/uploads\/2025\/08\/2147874516-8x12.jpg 8w\" sizes=\"(max-width: 1000px) 100vw, 1000px\" \/>\t\t\t\t\t\t\t\t\t\t\t\t\t\t\t<\/div>\n\t\t\t\t<div class=\"elementor-element elementor-element-321b123 elementor-widget__width-initial elementor-widget elementor-widget-image\" data-id=\"321b123\" data-element_type=\"widget\" data-e-type=\"widget\" data-widget_type=\"image.default\">\n\t\t\t\t\t\t\t\t\t\t\t\t\t\t\t<img decoding=\"async\" src=\"https:\/\/forndepagarcia.com\/wp-content\/uploads\/elementor\/thumbs\/19912568-rah8gxqor4cis5b9m0xfv30en3b1czyjnb5t1d0368.jpg\" title=\"19912568\" alt=\"19912568\" loading=\"lazy\" \/>\t\t\t\t\t\t\t\t\t\t\t\t\t\t\t<\/div>\n\t\t\t\t\t<\/div>\n\t\t<\/div>\n\t\t\t\t<div class=\"elementor-column elementor-col-50 elementor-inner-column elementor-element elementor-element-7258543\" data-id=\"7258543\" data-element_type=\"column\" data-e-type=\"column\">\n\t\t\t<div class=\"elementor-widget-wrap elementor-element-populated\">\n\t\t\t\t\t\t<div class=\"elementor-element elementor-element-45a7720 elementor-widget elementor-widget-image\" data-id=\"45a7720\" data-element_type=\"widget\" data-e-type=\"widget\" data-widget_type=\"image.default\">\n\t\t\t\t\t\t\t\t\t\t\t\t\t\t\t<img decoding=\"async\" width=\"1500\" height=\"1000\" src=\"https:\/\/forndepagarcia.com\/wp-content\/uploads\/2025\/08\/2149233688.jpg\" class=\"attachment-full size-full wp-image-140\" alt=\"\" srcset=\"https:\/\/forndepagarcia.com\/wp-content\/uploads\/2025\/08\/2149233688.jpg 1500w, https:\/\/forndepagarcia.com\/wp-content\/uploads\/2025\/08\/2149233688-300x200.jpg 300w, https:\/\/forndepagarcia.com\/wp-content\/uploads\/2025\/08\/2149233688-1024x683.jpg 1024w, https:\/\/forndepagarcia.com\/wp-content\/uploads\/2025\/08\/2149233688-768x512.jpg 768w, https:\/\/forndepagarcia.com\/wp-content\/uploads\/2025\/08\/2149233688-18x12.jpg 18w\" sizes=\"(max-width: 1500px) 100vw, 1500px\" \/>\t\t\t\t\t\t\t\t\t\t\t\t\t\t\t<\/div>\n\t\t\t\t\t<\/div>\n\t\t<\/div>\n\t\t\t\t\t<\/div>\n\t\t<\/section>\n\t\t\t\t\t<\/div>\n\t\t<\/div>\n\t\t\t\t\t<\/div>\n\t\t<\/section>\n\t\t\t\t<section class=\"elementor-section elementor-top-section elementor-element elementor-element-263d944 elementor-section-boxed elementor-section-height-default elementor-section-height-default\" data-id=\"263d944\" data-element_type=\"section\" data-e-type=\"section\" data-settings=\"{&quot;background_background&quot;:&quot;classic&quot;}\">\n\t\t\t\t\t\t\t<div class=\"elementor-background-overlay\"><\/div>\n\t\t\t\t\t\t\t<div class=\"elementor-container elementor-column-gap-default\">\n\t\t\t\t\t<div class=\"elementor-column elementor-col-100 elementor-top-column elementor-element elementor-element-aa709f9\" data-id=\"aa709f9\" data-element_type=\"column\" data-e-type=\"column\">\n\t\t\t<div class=\"elementor-widget-wrap elementor-element-populated\">\n\t\t\t\t\t\t<div class=\"elementor-element elementor-element-cdbb368 elementor-widget elementor-widget-heading\" data-id=\"cdbb368\" data-element_type=\"widget\" data-e-type=\"widget\" data-widget_type=\"heading.default\">\n\t\t\t\t\t<h2 class=\"elementor-heading-title elementor-size-default\">Pan artesanal reci\u00e9n horneado.<\/h2>\t\t\t\t<\/div>\n\t\t\t\t<div class=\"elementor-element elementor-element-6800281 elementor-widget elementor-widget-text-editor\" data-id=\"6800281\" data-element_type=\"widget\" data-e-type=\"widget\" data-widget_type=\"text-editor.default\">\n\t\t\t\t\t\t\t\t\t<p>Descubre nuestras especialidades reci\u00e9n horneadas y comparte con nosotros la pasi\u00f3n por el pan y los dulces.<\/p>\t\t\t\t\t\t\t\t<\/div>\n\t\t\t\t<div class=\"elementor-element elementor-element-b3c7562 elementor-align-center elementor-widget elementor-widget-button\" data-id=\"b3c7562\" data-element_type=\"widget\" data-e-type=\"widget\" data-widget_type=\"button.default\">\n\t\t\t\t\t\t\t\t\t\t<a class=\"elementor-button elementor-button-link elementor-size-sm elementor-animation-hang\" href=\"https:\/\/forndepagarcia.com\/contacto\/\">\n\t\t\t\t\t\t<span class=\"elementor-button-content-wrapper\">\n\t\t\t\t\t\t\t\t\t<span class=\"elementor-button-text\">Contactanos<\/span>\n\t\t\t\t\t<\/span>\n\t\t\t\t\t<\/a>\n\t\t\t\t\t\t\t\t<\/div>\n\t\t\t\t\t<\/div>\n\t\t<\/div>\n\t\t\t\t\t<\/div>\n\t\t<\/section>\n\t\t\t\t<\/div>\n\t\t","protected":false},"excerpt":{"rendered":"<p>Bienvenidos A Forn de pa Garc\u00eda Productos frescos y artesanos que alegren tu mesa y tus momentos especiales. Horario Todos los dias: 07:00 a 14:00 16:00 a 20:00 Sobre Nosotros Pasi\u00f3n que nos inspira Saber M\u00e1s En Forn de pa Garc\u00eda creemos en la tradici\u00f3n panadera de siempre, pero tambi\u00e9n en la innovaci\u00f3n que nos [&hellip;]<\/p>\n","protected":false},"author":1,"featured_media":0,"parent":0,"menu_order":0,"comment_status":"closed","ping_status":"closed","template":"elementor_canvas","meta":{"footnotes":""},"class_list":["post-13","page","type-page","status-publish","hentry"],"yoast_head":"<!-- This site is optimized with the Yoast SEO plugin v27.3 - https:\/\/yoast.com\/product\/yoast-seo-wordpress\/ -->\n<title>Inicio - Forn de pa Garcia<\/title>\n<meta name=\"robots\" content=\"index, follow, max-snippet:-1, max-image-preview:large, max-video-preview:-1\" \/>\n<link rel=\"canonical\" href=\"https:\/\/forndepagarcia.com\/ca\/\" \/>\n<meta property=\"og:locale\" content=\"ca_ES\" \/>\n<meta property=\"og:type\" content=\"article\" \/>\n<meta property=\"og:title\" content=\"Inicio - Forn de pa Garcia\" \/>\n<meta property=\"og:description\" content=\"Bienvenidos A Forn de pa Garc\u00eda Productos frescos y artesanos que alegren tu mesa y tus momentos especiales. Horario Todos los dias: 07:00 a 14:00 16:00 a 20:00 Sobre Nosotros Pasi\u00f3n que nos inspira Saber M\u00e1s En Forn de pa Garc\u00eda creemos en la tradici\u00f3n panadera de siempre, pero tambi\u00e9n en la innovaci\u00f3n que nos [&hellip;]\" \/>\n<meta property=\"og:url\" content=\"https:\/\/forndepagarcia.com\/ca\/\" \/>\n<meta property=\"og:site_name\" content=\"Forn de pa Garcia\" \/>\n<meta property=\"article:modified_time\" content=\"2025-08-19T08:58:29+00:00\" \/>\n<meta property=\"og:image\" content=\"https:\/\/forndepagarcia.com\/wp-content\/uploads\/2025\/08\/2147874516.jpg\" \/>\n\t<meta property=\"og:image:width\" content=\"1000\" \/>\n\t<meta property=\"og:image:height\" content=\"1500\" \/>\n\t<meta property=\"og:image:type\" content=\"image\/jpeg\" \/>\n<meta name=\"twitter:card\" content=\"summary_large_image\" \/>\n<meta name=\"twitter:label1\" content=\"Temps estimat de lectura\" \/>\n\t<meta name=\"twitter:data1\" content=\"1 minut\" \/>\n<script type=\"application\/ld+json\" class=\"yoast-schema-graph\">{\"@context\":\"https:\\\/\\\/schema.org\",\"@graph\":[{\"@type\":\"WebPage\",\"@id\":\"https:\\\/\\\/forndepagarcia.com\\\/\",\"url\":\"https:\\\/\\\/forndepagarcia.com\\\/\",\"name\":\"Inicio - Forn de pa Garcia\",\"isPartOf\":{\"@id\":\"https:\\\/\\\/forndepagarcia.com\\\/#website\"},\"primaryImageOfPage\":{\"@id\":\"https:\\\/\\\/forndepagarcia.com\\\/#primaryimage\"},\"image\":{\"@id\":\"https:\\\/\\\/forndepagarcia.com\\\/#primaryimage\"},\"thumbnailUrl\":\"https:\\\/\\\/forndepagarcia.com\\\/wp-content\\\/uploads\\\/2025\\\/08\\\/2147874516.jpg\",\"datePublished\":\"2025-08-18T21:46:25+00:00\",\"dateModified\":\"2025-08-19T08:58:29+00:00\",\"breadcrumb\":{\"@id\":\"https:\\\/\\\/forndepagarcia.com\\\/#breadcrumb\"},\"inLanguage\":\"ca\",\"potentialAction\":[{\"@type\":\"ReadAction\",\"target\":[\"https:\\\/\\\/forndepagarcia.com\\\/\"]}]},{\"@type\":\"ImageObject\",\"inLanguage\":\"ca\",\"@id\":\"https:\\\/\\\/forndepagarcia.com\\\/#primaryimage\",\"url\":\"https:\\\/\\\/forndepagarcia.com\\\/wp-content\\\/uploads\\\/2025\\\/08\\\/2147874516.jpg\",\"contentUrl\":\"https:\\\/\\\/forndepagarcia.com\\\/wp-content\\\/uploads\\\/2025\\\/08\\\/2147874516.jpg\"},{\"@type\":\"BreadcrumbList\",\"@id\":\"https:\\\/\\\/forndepagarcia.com\\\/#breadcrumb\",\"itemListElement\":[{\"@type\":\"ListItem\",\"position\":1,\"name\":\"Portada\",\"item\":\"https:\\\/\\\/forndepagarcia.com\\\/\"},{\"@type\":\"ListItem\",\"position\":2,\"name\":\"Inicio\"}]},{\"@type\":\"WebSite\",\"@id\":\"https:\\\/\\\/forndepagarcia.com\\\/#website\",\"url\":\"https:\\\/\\\/forndepagarcia.com\\\/\",\"name\":\"Forn de pa Garcia\",\"description\":\"Panader\u00eda pasteler\u00eda degustaci\u00f3n\",\"publisher\":{\"@id\":\"https:\\\/\\\/forndepagarcia.com\\\/#organization\"},\"potentialAction\":[{\"@type\":\"SearchAction\",\"target\":{\"@type\":\"EntryPoint\",\"urlTemplate\":\"https:\\\/\\\/forndepagarcia.com\\\/?s={search_term_string}\"},\"query-input\":{\"@type\":\"PropertyValueSpecification\",\"valueRequired\":true,\"valueName\":\"search_term_string\"}}],\"inLanguage\":\"ca\"},{\"@type\":\"Organization\",\"@id\":\"https:\\\/\\\/forndepagarcia.com\\\/#organization\",\"name\":\"Forn de pa Garcia\",\"url\":\"https:\\\/\\\/forndepagarcia.com\\\/\",\"logo\":{\"@type\":\"ImageObject\",\"inLanguage\":\"ca\",\"@id\":\"https:\\\/\\\/forndepagarcia.com\\\/#\\\/schema\\\/logo\\\/image\\\/\",\"url\":\"https:\\\/\\\/forndepagarcia.com\\\/wp-content\\\/uploads\\\/2025\\\/08\\\/cropped-Logo_Mesa-de-trabajo-1.png\",\"contentUrl\":\"https:\\\/\\\/forndepagarcia.com\\\/wp-content\\\/uploads\\\/2025\\\/08\\\/cropped-Logo_Mesa-de-trabajo-1.png\",\"width\":1589,\"height\":1080,\"caption\":\"Forn de pa Garcia\"},\"image\":{\"@id\":\"https:\\\/\\\/forndepagarcia.com\\\/#\\\/schema\\\/logo\\\/image\\\/\"}}]}<\/script>\n<!-- \/ Yoast SEO plugin. -->","yoast_head_json":{"title":"Inicio - Forn de pa Garcia","robots":{"index":"index","follow":"follow","max-snippet":"max-snippet:-1","max-image-preview":"max-image-preview:large","max-video-preview":"max-video-preview:-1"},"canonical":"https:\/\/forndepagarcia.com\/ca\/","og_locale":"ca_ES","og_type":"article","og_title":"Inicio - Forn de pa Garcia","og_description":"Bienvenidos A Forn de pa Garc\u00eda Productos frescos y artesanos que alegren tu mesa y tus momentos especiales. Horario Todos los dias: 07:00 a 14:00 16:00 a 20:00 Sobre Nosotros Pasi\u00f3n que nos inspira Saber M\u00e1s En Forn de pa Garc\u00eda creemos en la tradici\u00f3n panadera de siempre, pero tambi\u00e9n en la innovaci\u00f3n que nos [&hellip;]","og_url":"https:\/\/forndepagarcia.com\/ca\/","og_site_name":"Forn de pa Garcia","article_modified_time":"2025-08-19T08:58:29+00:00","og_image":[{"width":1000,"height":1500,"url":"https:\/\/forndepagarcia.com\/wp-content\/uploads\/2025\/08\/2147874516.jpg","type":"image\/jpeg"}],"twitter_card":"summary_large_image","twitter_misc":{"Temps estimat de lectura":"1 minut"},"schema":{"@context":"https:\/\/schema.org","@graph":[{"@type":"WebPage","@id":"https:\/\/forndepagarcia.com\/","url":"https:\/\/forndepagarcia.com\/","name":"Inicio - Forn de pa Garcia","isPartOf":{"@id":"https:\/\/forndepagarcia.com\/#website"},"primaryImageOfPage":{"@id":"https:\/\/forndepagarcia.com\/#primaryimage"},"image":{"@id":"https:\/\/forndepagarcia.com\/#primaryimage"},"thumbnailUrl":"https:\/\/forndepagarcia.com\/wp-content\/uploads\/2025\/08\/2147874516.jpg","datePublished":"2025-08-18T21:46:25+00:00","dateModified":"2025-08-19T08:58:29+00:00","breadcrumb":{"@id":"https:\/\/forndepagarcia.com\/#breadcrumb"},"inLanguage":"ca","potentialAction":[{"@type":"ReadAction","target":["https:\/\/forndepagarcia.com\/"]}]},{"@type":"ImageObject","inLanguage":"ca","@id":"https:\/\/forndepagarcia.com\/#primaryimage","url":"https:\/\/forndepagarcia.com\/wp-content\/uploads\/2025\/08\/2147874516.jpg","contentUrl":"https:\/\/forndepagarcia.com\/wp-content\/uploads\/2025\/08\/2147874516.jpg"},{"@type":"BreadcrumbList","@id":"https:\/\/forndepagarcia.com\/#breadcrumb","itemListElement":[{"@type":"ListItem","position":1,"name":"Portada","item":"https:\/\/forndepagarcia.com\/"},{"@type":"ListItem","position":2,"name":"Inicio"}]},{"@type":"WebSite","@id":"https:\/\/forndepagarcia.com\/#website","url":"https:\/\/forndepagarcia.com\/","name":"Forn de pa Garcia","description":"Panader\u00eda pasteler\u00eda degustaci\u00f3n","publisher":{"@id":"https:\/\/forndepagarcia.com\/#organization"},"potentialAction":[{"@type":"SearchAction","target":{"@type":"EntryPoint","urlTemplate":"https:\/\/forndepagarcia.com\/?s={search_term_string}"},"query-input":{"@type":"PropertyValueSpecification","valueRequired":true,"valueName":"search_term_string"}}],"inLanguage":"ca"},{"@type":"Organization","@id":"https:\/\/forndepagarcia.com\/#organization","name":"Forn de pa Garcia","url":"https:\/\/forndepagarcia.com\/","logo":{"@type":"ImageObject","inLanguage":"ca","@id":"https:\/\/forndepagarcia.com\/#\/schema\/logo\/image\/","url":"https:\/\/forndepagarcia.com\/wp-content\/uploads\/2025\/08\/cropped-Logo_Mesa-de-trabajo-1.png","contentUrl":"https:\/\/forndepagarcia.com\/wp-content\/uploads\/2025\/08\/cropped-Logo_Mesa-de-trabajo-1.png","width":1589,"height":1080,"caption":"Forn de pa Garcia"},"image":{"@id":"https:\/\/forndepagarcia.com\/#\/schema\/logo\/image\/"}}]}},"_links":{"self":[{"href":"https:\/\/forndepagarcia.com\/ca\/wp-json\/wp\/v2\/pages\/13","targetHints":{"allow":["GET"]}}],"collection":[{"href":"https:\/\/forndepagarcia.com\/ca\/wp-json\/wp\/v2\/pages"}],"about":[{"href":"https:\/\/forndepagarcia.com\/ca\/wp-json\/wp\/v2\/types\/page"}],"author":[{"embeddable":true,"href":"https:\/\/forndepagarcia.com\/ca\/wp-json\/wp\/v2\/users\/1"}],"replies":[{"embeddable":true,"href":"https:\/\/forndepagarcia.com\/ca\/wp-json\/wp\/v2\/comments?post=13"}],"version-history":[{"count":37,"href":"https:\/\/forndepagarcia.com\/ca\/wp-json\/wp\/v2\/pages\/13\/revisions"}],"predecessor-version":[{"id":219,"href":"https:\/\/forndepagarcia.com\/ca\/wp-json\/wp\/v2\/pages\/13\/revisions\/219"}],"wp:attachment":[{"href":"https:\/\/forndepagarcia.com\/ca\/wp-json\/wp\/v2\/media?parent=13"}],"curies":[{"name":"wp","href":"https:\/\/api.w.org\/{rel}","templated":true}]}}